{"id":230,"date":"2024-04-13T14:07:58","date_gmt":"2024-04-13T13:07:58","guid":{"rendered":"https:\/\/dev2.agilepartnership.com\/services\/"},"modified":"2024-07-03T12:37:09","modified_gmt":"2024-07-03T16:37:09","slug":"services","status":"publish","type":"page","link":"https:\/\/dev2.agilepartnership.com\/fr\/services\/","title":{"rendered":"Services"},"content":{"rendered":"<div data-elementor-type=\"wp-page\" data-elementor-id=\"230\" class=\"elementor elementor-230\" data-elementor-post-type=\"page\">\n\t\t\t\t<div class=\"elementor-element elementor-element-254288b e-flex e-con-boxed e-con e-parent\" data-id=\"254288b\" data-element_type=\"container\" data-settings=\"{&quot;background_background&quot;:&quot;classic&quot;}\">\n\t\t\t\t\t<div class=\"e-con-inner\">\n\t\t\t\t<div class=\"elementor-element elementor-element-48e9c5a elementor-invisible elementor-widget elementor-widget-heading\" data-id=\"48e9c5a\" data-element_type=\"widget\" data-settings=\"{&quot;_animation&quot;:&quot;fadeIn&quot;}\" data-widget_type=\"heading.default\">\n\t\t\t\t<div class=\"elementor-widget-container\">\n\t\t\t\t\t<h1 class=\"elementor-heading-title elementor-size-default\">Explorer nos services<\/h1>\t\t\t\t<\/div>\n\t\t\t\t<\/div>\n\t\t\t\t<div class=\"elementor-element elementor-element-b8e981a elementor-widget elementor-widget-heading\" data-id=\"b8e981a\" data-element_type=\"widget\" data-widget_type=\"heading.default\">\n\t\t\t\t<div class=\"elementor-widget-container\">\n\t\t\t\t\t<h4 class=\"elementor-heading-title elementor-size-default\">Nous sommes un groupe d'expert en agilit\u00e9 <\/h4>\t\t\t\t<\/div>\n\t\t\t\t<\/div>\n\t\t<div class=\"elementor-element elementor-element-6370892 e-con-full e-flex e-con e-child\" data-id=\"6370892\" data-element_type=\"container\">\n\t\t<div class=\"elementor-element elementor-element-5e8f2d0 e-con-full e-flex e-con e-child\" data-id=\"5e8f2d0\" data-element_type=\"container\">\n\t\t\t\t<div class=\"elementor-element elementor-element-b248531 elementor-position-top elementor-position-top elementor-widget elementor-widget-image-box\" data-id=\"b248531\" data-element_type=\"widget\" data-widget_type=\"image-box.default\">\n\t\t\t\t<div class=\"elementor-widget-container\">\n\t\t\t\t\t<div class=\"elementor-image-box-wrapper\"><figure class=\"elementor-image-box-img\"><a href=\"https:\/\/dev2.agilepartnership.com\/fr\/services\/agile-coaching\/\" tabindex=\"-1\"><img fetchpriority=\"high\" decoding=\"async\" width=\"1024\" height=\"1024\" src=\"https:\/\/dev2.agilepartnership.com\/wp-content\/uploads\/2024\/06\/desk.png\" class=\"elementor-animation-float attachment-full size-full wp-image-4337\" alt=\"\" srcset=\"https:\/\/dev2.agilepartnership.com\/wp-content\/uploads\/2024\/06\/desk.png 1024w, https:\/\/dev2.agilepartnership.com\/wp-content\/uploads\/2024\/06\/desk-300x300.png 300w, https:\/\/dev2.agilepartnership.com\/wp-content\/uploads\/2024\/06\/desk-150x150.png 150w, https:\/\/dev2.agilepartnership.com\/wp-content\/uploads\/2024\/06\/desk-768x768.png 768w, https:\/\/dev2.agilepartnership.com\/wp-content\/uploads\/2024\/06\/desk-12x12.png 12w\" sizes=\"(max-width: 1024px) 100vw, 1024px\" \/><\/a><\/figure><div class=\"elementor-image-box-content\"><h3 class=\"elementor-image-box-title\"><a href=\"https:\/\/dev2.agilepartnership.com\/fr\/services\/agile-coaching\/\">Coaching Agile<\/a><\/h3><p class=\"elementor-image-box-description\">Nous travaillons avec vous pour mettre en place une r\u00e9organisation progressive qui favorisera un environnement de travail exceptionnel. En am\u00e9liorant la cr\u00e9ativit\u00e9, la productivit\u00e9 et l'efficacit\u00e9, vous obtiendrez des \u00e9quipes plus coh\u00e9sives qui se concentrent sur l'am\u00e9lioration des produits et services ainsi qu'un meilleur retour sur vos investissements.<\/p><\/div><\/div>\t\t\t\t<\/div>\n\t\t\t\t<\/div>\n\t\t\t\t<div class=\"elementor-element elementor-element-7e49352 elementor-mobile-align-center elementor-widget elementor-widget-button\" data-id=\"7e49352\" data-element_type=\"widget\" data-widget_type=\"button.default\">\n\t\t\t\t<div class=\"elementor-widget-container\">\n\t\t\t\t\t\t\t\t\t<div class=\"elementor-button-wrapper\">\n\t\t\t\t\t<a class=\"elementor-button elementor-button-link elementor-size-sm\" href=\"https:\/\/dev2.agilepartnership.com\/fr\/services\/agile-coaching\/\">\n\t\t\t\t\t\t<span class=\"elementor-button-content-wrapper\">\n\t\t\t\t\t\t\t\t\t<span class=\"elementor-button-text\">En savoir plus<\/span>\n\t\t\t\t\t<\/span>\n\t\t\t\t\t<\/a>\n\t\t\t\t<\/div>\n\t\t\t\t\t\t\t\t<\/div>\n\t\t\t\t<\/div>\n\t\t\t\t<\/div>\n\t\t<div class=\"elementor-element elementor-element-72943b7 e-con-full e-flex e-con e-child\" data-id=\"72943b7\" data-element_type=\"container\">\n\t\t\t\t<div class=\"elementor-element elementor-element-ff6783e elementor-position-top elementor-widget elementor-widget-image-box\" data-id=\"ff6783e\" data-element_type=\"widget\" data-widget_type=\"image-box.default\">\n\t\t\t\t<div class=\"elementor-widget-container\">\n\t\t\t\t\t<div class=\"elementor-image-box-wrapper\"><figure class=\"elementor-image-box-img\"><a href=\"https:\/\/dev2.agilepartnership.com\/fr\/services\/agile-training\/\" tabindex=\"-1\"><img decoding=\"async\" width=\"1024\" height=\"1024\" src=\"https:\/\/dev2.agilepartnership.com\/wp-content\/uploads\/2024\/06\/training-rope.png\" class=\"elementor-animation-float attachment-full size-full wp-image-4374\" alt=\"\" srcset=\"https:\/\/dev2.agilepartnership.com\/wp-content\/uploads\/2024\/06\/training-rope.png 1024w, https:\/\/dev2.agilepartnership.com\/wp-content\/uploads\/2024\/06\/training-rope-300x300.png 300w, https:\/\/dev2.agilepartnership.com\/wp-content\/uploads\/2024\/06\/training-rope-150x150.png 150w, https:\/\/dev2.agilepartnership.com\/wp-content\/uploads\/2024\/06\/training-rope-768x768.png 768w, https:\/\/dev2.agilepartnership.com\/wp-content\/uploads\/2024\/06\/training-rope-12x12.png 12w\" sizes=\"(max-width: 1024px) 100vw, 1024px\" \/><\/a><\/figure><div class=\"elementor-image-box-content\"><h3 class=\"elementor-image-box-title\"><a href=\"https:\/\/dev2.agilepartnership.com\/fr\/services\/agile-training\/\">Formations Agiles<\/a><\/h3><p class=\"elementor-image-box-description\">Nous avons form\u00e9 des milliers d'individus sur tous les aspects de l'agilit\u00e9.<\/p><\/div><\/div>\t\t\t\t<\/div>\n\t\t\t\t<\/div>\n\t\t\t\t<div class=\"elementor-element elementor-element-581969a elementor-mobile-align-center elementor-widget elementor-widget-button\" data-id=\"581969a\" data-element_type=\"widget\" data-widget_type=\"button.default\">\n\t\t\t\t<div class=\"elementor-widget-container\">\n\t\t\t\t\t\t\t\t\t<div class=\"elementor-button-wrapper\">\n\t\t\t\t\t<a class=\"elementor-button elementor-button-link elementor-size-sm\" href=\"https:\/\/dev2.agilepartnership.com\/fr\/services\/agile-training\/\">\n\t\t\t\t\t\t<span class=\"elementor-button-content-wrapper\">\n\t\t\t\t\t\t\t\t\t<span class=\"elementor-button-text\">En savoir plus<\/span>\n\t\t\t\t\t<\/span>\n\t\t\t\t\t<\/a>\n\t\t\t\t<\/div>\n\t\t\t\t\t\t\t\t<\/div>\n\t\t\t\t<\/div>\n\t\t\t\t<\/div>\n\t\t<div class=\"elementor-element elementor-element-6d0bf19 e-con-full e-flex e-con e-child\" data-id=\"6d0bf19\" data-element_type=\"container\">\n\t\t\t\t<div class=\"elementor-element elementor-element-1e1ec85 elementor-position-top elementor-widget elementor-widget-image-box\" data-id=\"1e1ec85\" data-element_type=\"widget\" data-widget_type=\"image-box.default\">\n\t\t\t\t<div class=\"elementor-widget-container\">\n\t\t\t\t\t<div class=\"elementor-image-box-wrapper\"><figure class=\"elementor-image-box-img\"><a href=\"https:\/\/dev2.agilepartnership.com\/fr\/services\/a-la-carte-services\/\" tabindex=\"-1\"><img decoding=\"async\" width=\"1024\" height=\"1024\" src=\"https:\/\/dev2.agilepartnership.com\/wp-content\/uploads\/2024\/06\/Whiteboard.png\" class=\"elementor-animation-float attachment-full size-full wp-image-4367\" alt=\"\" srcset=\"https:\/\/dev2.agilepartnership.com\/wp-content\/uploads\/2024\/06\/Whiteboard.png 1024w, https:\/\/dev2.agilepartnership.com\/wp-content\/uploads\/2024\/06\/Whiteboard-300x300.png 300w, https:\/\/dev2.agilepartnership.com\/wp-content\/uploads\/2024\/06\/Whiteboard-150x150.png 150w, https:\/\/dev2.agilepartnership.com\/wp-content\/uploads\/2024\/06\/Whiteboard-768x768.png 768w, https:\/\/dev2.agilepartnership.com\/wp-content\/uploads\/2024\/06\/Whiteboard-12x12.png 12w\" sizes=\"(max-width: 1024px) 100vw, 1024px\" \/><\/a><\/figure><div class=\"elementor-image-box-content\"><h3 class=\"elementor-image-box-title\"><a href=\"https:\/\/dev2.agilepartnership.com\/fr\/services\/a-la-carte-services\/\">Services \u00e0 la carte<\/a><\/h3><p class=\"elementor-image-box-description\">Nous offrons nos services pour venir dans votre entreprise occasionnellement pendant quelques heures, quelques jours ou quelques semaines.<\/p><\/div><\/div>\t\t\t\t<\/div>\n\t\t\t\t<\/div>\n\t\t\t\t<div class=\"elementor-element elementor-element-6a26083 elementor-mobile-align-center elementor-widget elementor-widget-button\" data-id=\"6a26083\" data-element_type=\"widget\" data-widget_type=\"button.default\">\n\t\t\t\t<div class=\"elementor-widget-container\">\n\t\t\t\t\t\t\t\t\t<div class=\"elementor-button-wrapper\">\n\t\t\t\t\t<a class=\"elementor-button elementor-button-link elementor-size-sm\" href=\"https:\/\/dev2.agilepartnership.com\/fr\/services\/a-la-carte-services\/\">\n\t\t\t\t\t\t<span class=\"elementor-button-content-wrapper\">\n\t\t\t\t\t\t\t\t\t<span class=\"elementor-button-text\">En savoir plus<\/span>\n\t\t\t\t\t<\/span>\n\t\t\t\t\t<\/a>\n\t\t\t\t<\/div>\n\t\t\t\t\t\t\t\t<\/div>\n\t\t\t\t<\/div>\n\t\t\t\t<\/div>\n\t\t<div class=\"elementor-element elementor-element-d446e14 e-con-full e-flex e-con e-child\" data-id=\"d446e14\" data-element_type=\"container\">\n\t\t\t\t<div class=\"elementor-element elementor-element-c46164f elementor-position-top elementor-widget elementor-widget-image-box\" data-id=\"c46164f\" data-element_type=\"widget\" data-widget_type=\"image-box.default\">\n\t\t\t\t<div class=\"elementor-widget-container\">\n\t\t\t\t\t<div class=\"elementor-image-box-wrapper\"><figure class=\"elementor-image-box-img\"><a href=\"https:\/\/dev2.agilepartnership.com\/fr\/services\/engineering-practices\/\" tabindex=\"-1\"><img loading=\"lazy\" decoding=\"async\" width=\"1024\" height=\"1024\" src=\"https:\/\/dev2.agilepartnership.com\/wp-content\/uploads\/2024\/06\/laptop.png\" class=\"elementor-animation-float attachment-full size-full wp-image-4373\" alt=\"\" srcset=\"https:\/\/dev2.agilepartnership.com\/wp-content\/uploads\/2024\/06\/laptop.png 1024w, https:\/\/dev2.agilepartnership.com\/wp-content\/uploads\/2024\/06\/laptop-300x300.png 300w, https:\/\/dev2.agilepartnership.com\/wp-content\/uploads\/2024\/06\/laptop-150x150.png 150w, https:\/\/dev2.agilepartnership.com\/wp-content\/uploads\/2024\/06\/laptop-768x768.png 768w, https:\/\/dev2.agilepartnership.com\/wp-content\/uploads\/2024\/06\/laptop-12x12.png 12w\" sizes=\"(max-width: 1024px) 100vw, 1024px\" \/><\/a><\/figure><div class=\"elementor-image-box-content\"><h3 class=\"elementor-image-box-title\"><a href=\"https:\/\/dev2.agilepartnership.com\/fr\/services\/engineering-practices\/\">Pratiques d'ing\u00e9nierie logiciel<\/a><\/h3><p class=\"elementor-image-box-description\">Le d\u00e9veloppement logiciel agile n\u00e9cessite l'apprentissage de certaines pratiques d'ing\u00e9nierie essentielles. Les \u00e9quipes agiles r\u00e9ussies valorisent l'excellence technique et ont ma\u00eetris\u00e9 plusieurs de ces pratiques.<\/p><\/div><\/div>\t\t\t\t<\/div>\n\t\t\t\t<\/div>\n\t\t\t\t<div class=\"elementor-element elementor-element-80858d2 elementor-mobile-align-center elementor-widget elementor-widget-button\" data-id=\"80858d2\" data-element_type=\"widget\" data-widget_type=\"button.default\">\n\t\t\t\t<div class=\"elementor-widget-container\">\n\t\t\t\t\t\t\t\t\t<div class=\"elementor-button-wrapper\">\n\t\t\t\t\t<a class=\"elementor-button elementor-button-link elementor-size-sm\" href=\"https:\/\/dev2.agilepartnership.com\/fr\/services\/engineering-practices\/\">\n\t\t\t\t\t\t<span class=\"elementor-button-content-wrapper\">\n\t\t\t\t\t\t\t\t\t<span class=\"elementor-button-text\">En savoir plus<\/span>\n\t\t\t\t\t<\/span>\n\t\t\t\t\t<\/a>\n\t\t\t\t<\/div>\n\t\t\t\t\t\t\t\t<\/div>\n\t\t\t\t<\/div>\n\t\t\t\t<\/div>\n\t\t\t\t<\/div>\n\t\t\t\t\t<\/div>\n\t\t\t\t<\/div>\n\t\t\t\t<\/div>","protected":false},"excerpt":{"rendered":"<p>Explore Our services We are a group of leading experts in Agility Agile Coaching We work with you to implement a gradual reorganization that will promote an exceptional work environment. By improving creativity, productivity, and efficiency, you will achieve more cohesive teams that focus on improved products and services as well as a better return [&hellip;]<\/p>\n","protected":false},"author":1,"featured_media":0,"parent":0,"menu_order":0,"comment_status":"closed","ping_status":"closed","template":"elementor_header_footer","meta":{"_acf_changed":false,"_monsterinsights_skip_tracking":false,"_monsterinsights_sitenote_active":false,"_monsterinsights_sitenote_note":"","_monsterinsights_sitenote_category":0,"footnotes":""},"acf":[],"aioseo_notices":[],"_links":{"self":[{"href":"https:\/\/dev2.agilepartnership.com\/fr\/wp-json\/wp\/v2\/pages\/230"}],"collection":[{"href":"https:\/\/dev2.agilepartnership.com\/fr\/wp-json\/wp\/v2\/pages"}],"about":[{"href":"https:\/\/dev2.agilepartnership.com\/fr\/wp-json\/wp\/v2\/types\/page"}],"author":[{"embeddable":true,"href":"https:\/\/dev2.agilepartnership.com\/fr\/wp-json\/wp\/v2\/users\/1"}],"replies":[{"embeddable":true,"href":"https:\/\/dev2.agilepartnership.com\/fr\/wp-json\/wp\/v2\/comments?post=230"}],"version-history":[{"count":40,"href":"https:\/\/dev2.agilepartnership.com\/fr\/wp-json\/wp\/v2\/pages\/230\/revisions"}],"predecessor-version":[{"id":4701,"href":"https:\/\/dev2.agilepartnership.com\/fr\/wp-json\/wp\/v2\/pages\/230\/revisions\/4701"}],"wp:attachment":[{"href":"https:\/\/dev2.agilepartnership.com\/fr\/wp-json\/wp\/v2\/media?parent=230"}],"curies":[{"name":"wp","href":"https:\/\/api.w.org\/{rel}","templated":true}]}}