{"id":449,"date":"2024-04-14T22:43:29","date_gmt":"2024-04-14T21:43:29","guid":{"rendered":"https:\/\/dev2.agilepartnership.com\/?page_id=449"},"modified":"2024-04-25T20:27:43","modified_gmt":"2024-04-25T19:27:43","slug":"eric-laramee","status":"publish","type":"page","link":"https:\/\/dev2.agilepartnership.com\/fr\/team\/eric-laramee\/","title":{"rendered":"Eric Laram\u00e9e"},"content":{"rendered":"<div data-elementor-type=\"wp-page\" data-elementor-id=\"449\" class=\"elementor elementor-449\" data-elementor-post-type=\"page\">\n\t\t\t\t<div class=\"elementor-element elementor-element-10519d50 e-flex e-con-boxed e-con e-parent\" data-id=\"10519d50\" data-element_type=\"container\">\n\t\t\t\t\t<div class=\"e-con-inner\">\n\t\t\t\t<div class=\"elementor-element elementor-element-24eda546 elementor-widget elementor-widget-text-editor\" data-id=\"24eda546\" data-element_type=\"widget\" data-widget_type=\"text-editor.default\">\n\t\t\t\t<div class=\"elementor-widget-container\">\n\t\t\t\t\t\t\t\t\t<p><\/p>\n<div class=\"content\" tabindex=\"0\" aria-description=\"\" aria-label=\"Sent by Copilot: Coach, trainer, speaker, and founder of Agile Partnership\">\n<div class=\"ac-container ac-adaptiveCard\">\n<div class=\"ac-textBlock\">\n<h2 class=\"wp-block-heading\">Coach, formateur, conf\u00e9rencier et fondateur d\u2019Agile Partnership<\/h2>\n<\/div>\n<\/div>\n<\/div>\n<p><\/p>\n<div class=\"content\" tabindex=\"0\" aria-description=\"\" aria-label=\"Sent by Copilot: Eric has been an Agile Coach since 2007. He was exposed to computing at the age of 13 when he got his hands on the powerful VIC-20! In addition to his training in computer science, Eric holds a bachelor's degree in psychosociology. He has been able to take advantage of the fusion of &quot;computer science&quot; and &quot;small group psychology&quot; to effectively intervene as an Agile Coach. He has over 20 years of experience in coaching, teaching, project management, and programming and has gained a deep understanding of Agile and Lean approaches. He has continuously worked in these environments on projects of various sizes for clients from different business sectors. You can contact Eric at eric@agilepartnership.com.\">\n<div class=\"ac-container ac-adaptiveCard\">\n<div class=\"ac-textBlock\">\n<p>Coach Agile depuis 2007, Eric a \u00e9t\u00e9 expos\u00e9 \u00e0 l\u2019informatique \u00e0 l\u2019\u00e2ge de 13 ans alors qu\u2019il a mis la main sur le puissant VIC-20! S\u2019ajoutant \u00e0 sa formation en informatique, Eric est titulaire d\u2019un baccalaur\u00e9at en psychosociologie. Il a su profiter de la fusion \u00ab informatique \u00bb et \u00ab psychologie des petits groupes \u00bb afin d\u2019intervenir efficacement comme coach Agile.<\/p>\n<p>Il compte plus de 20 ann\u00e9es d\u2019exp\u00e9rience en coaching, enseignement, gestion de projets et programmation et a acquis une connaissance approfondie des approches Agiles et Lean. Il a travaill\u00e9 de fa\u00e7on continue dans ces environnements, et ce, sur des projets de tailles vari\u00e9es pour des clients de diff\u00e9rents domaines d\u2019affaires.<\/p>\n<\/div>\n<\/div>\n<\/div>\n<p><\/p>\t\t\t\t\t\t\t\t<\/div>\n\t\t\t\t<\/div>\n\t\t\t\t<div class=\"elementor-element elementor-element-1996692 elementor-widget elementor-widget-heading\" data-id=\"1996692\" data-element_type=\"widget\" data-widget_type=\"heading.default\">\n\t\t\t\t<div class=\"elementor-widget-container\">\n\t\t\t\t\t<h2 class=\"elementor-heading-title elementor-size-default\">Quelques-unes des entreprises qu\u2019\u00c9ric a accompagn\u00e9es:<\/h2>\t\t\t\t<\/div>\n\t\t\t\t<\/div>\n\t\t\t\t<div class=\"elementor-element elementor-element-0954e6f elementor-widget elementor-widget-text-editor\" data-id=\"0954e6f\" data-element_type=\"widget\" data-widget_type=\"text-editor.default\">\n\t\t\t\t<div class=\"elementor-widget-container\">\n\t\t\t\t\t\t\t\t\t<p><\/p>\n<ul>\n<li>Alstom<\/li>\n<\/ul>\n<p><\/p>\n<ul>\n<li>BDC<\/li>\n<\/ul>\n<p><\/p>\n<ul>\n<li>BMC<\/li>\n<\/ul>\n<p><\/p>\n<ul>\n<li>CMC Esterline<\/li>\n<\/ul>\n<p><\/p>\n<ul>\n<li>Cossette<\/li>\n<\/ul>\n<p><\/p>\n<ul>\n<li>Desjardins<\/li>\n<\/ul>\n<p><\/p>\n<ul>\n<li>Ivanhoe Cambridge<\/li>\n<\/ul>\n<p><\/p>\n<ul>\n<li>iWeb<\/li>\n<\/ul>\n<p><\/p>\n<ul>\n<li>Radio-Canada<\/li>\n<\/ul>\n<p><\/p>\n<ul>\n<li>Raymond Chabot<\/li>\n<\/ul>\n<p><\/p>\n<ul>\n<li>Schneider Electric<\/li>\n<\/ul>\n<p><\/p>\n<ul>\n<li>Tyco<\/li>\n<\/ul>\n<p><\/p>\n<ul>\n<li>TD<\/li>\n<\/ul>\n<p><\/p>\n<ul>\n<li>Ubisoft<\/li>\n<\/ul>\n<p><\/p>\n<ul>\n<li>Verint<\/li>\n<\/ul>\n<p><\/p>\n<p><!-- \/wp:list --><!-- wp:heading {\"level\":3} --><\/p>\n<div class=\"content\" tabindex=\"0\" aria-description=\"\" aria-label=\"Sent by Copilot: Here are some testimonials:Thanks to his experience and advice, Eric was able to help us in our Agile transformation despite an unorthodox context and many challenges. He greatly helped us adapt Agile principles to our reality and review our ways of doing things. His contribution was essential for us.Luc Mercier, Business Analyst at CossetteEric is one of the most pragmatic Agile experts I know of. He's a no-nonsense type of consultant, always dedicated to the success of his customers. Eric has a large Agile and Lean toolbox that he uses effectively to help teams work better together.Joel Grenon, President at Covistra TechnologiesEric worked for me in the context of implementing agility in my company. He is a person of great experience who perfectly masters his subject. I remember seeing him intervene with a lot of tact and efficiency during a retrospective of a dysfunctional team. His contribution was decisive. Eric is a person I appreciate humanly.Herv\u00e9 Brazzi, VP Project Development and Integration at Multimedia Business Services, an Orange Business Services subsidiaryI worked with Eric during the Agile transition at Verint. The situation was not an easy one and from my point of view, the transition was a huge success. Eric is a good listener, and has great skills to help develop and emerge our most hidden skills. He helped me to become Scrum Master and then PO, and he also helped me to bring my team to the next level.Mortimer Hubin, Engineer at VerintEric has accompanied several digital teams at Radio-Canada and without his collaboration, the outcome of the AGILE turn would have been very different. His impartiality, professionalism, and knowledge in web development are assets that allow him to quickly gain trust and initiate a constructive dialogue quickly with all the people involved in the desired changes. I hope to have the chance to collaborate again with Eric and I recommend his services without hesitation.Louis Perron, Product Trustee (PO) Modules and Media at Radio-Canada\">\n<div class=\"ac-container ac-adaptiveCard\">\u00a0<\/div>\n<\/div>\n<p><!-- \/wp:paragraph --><\/p>\t\t\t\t\t\t\t\t<\/div>\n\t\t\t\t<\/div>\n\t\t<div class=\"elementor-element elementor-element-eb9cac9 e-con-full e-flex e-con e-child\" data-id=\"eb9cac9\" data-element_type=\"container\">\n\t\t\t\t<div class=\"elementor-element elementor-element-cf1dfb6 elementor-widget elementor-widget-heading\" data-id=\"cf1dfb6\" data-element_type=\"widget\" data-widget_type=\"heading.default\">\n\t\t\t\t<div class=\"elementor-widget-container\">\n\t\t\t\t\t<h3 class=\"elementor-heading-title elementor-size-default\">Quelques t\u00e9moignages:<\/h3>\t\t\t\t<\/div>\n\t\t\t\t<\/div>\n\t\t\t\t<div class=\"elementor-element elementor-element-5768089 elementor-testimonial--layout-image_left elementor-testimonial--align-left elementor-testimonial--skin-default elementor-pagination-type-bullets elementor-widget elementor-widget-testimonial-carousel\" data-id=\"5768089\" data-element_type=\"widget\" data-settings=\"{&quot;slides_per_view&quot;:&quot;1&quot;,&quot;autoplay_speed&quot;:4000,&quot;space_between&quot;:{&quot;unit&quot;:&quot;px&quot;,&quot;size&quot;:0,&quot;sizes&quot;:[]},&quot;pagination&quot;:&quot;bullets&quot;,&quot;speed&quot;:500,&quot;autoplay&quot;:&quot;yes&quot;,&quot;loop&quot;:&quot;yes&quot;,&quot;pause_on_hover&quot;:&quot;yes&quot;,&quot;pause_on_interaction&quot;:&quot;yes&quot;,&quot;space_between_tablet&quot;:{&quot;unit&quot;:&quot;px&quot;,&quot;size&quot;:10,&quot;sizes&quot;:[]},&quot;space_between_mobile&quot;:{&quot;unit&quot;:&quot;px&quot;,&quot;size&quot;:10,&quot;sizes&quot;:[]}}\" data-widget_type=\"testimonial-carousel.default\">\n\t\t\t\t<div class=\"elementor-widget-container\">\n\t\t\t\t\t\t\t\t\t<div class=\"elementor-swiper\">\n\t\t\t\t\t<div class=\"elementor-main-swiper swiper\" role=\"region\" aria-roledescription=\"carousel\" aria-label=\"Diapositives\">\n\t\t\t\t<div class=\"swiper-wrapper\">\n\t\t\t\t\t\t\t\t\t\t\t<div class=\"swiper-slide\" role=\"group\" aria-roledescription=\"slide\">\n\t\t\t\t\t\t\t\t\t<div class=\"elementor-testimonial\">\n\t\t\t\t\t\t\t<div class=\"elementor-testimonial__content\">\n\t\t\t\t\t<div class=\"elementor-testimonial__text\">\n\t\t\t\t\t\t\"Gr\u00e2ce \u00e0 son exp\u00e9rience et ses conseils, \u00c9ric a su nous aider dans notre transformation Agile malgr\u00e9 un contexte peu orthodoxe et beaucoup de d\u00e9fis. Il nous a grandement aid\u00e9 \u00e0 adapter les principes Agile \u00e0 notre r\u00e9alit\u00e9 et \u00e0 revoir nos fa\u00e7ons de faire. Son apport fut essentiel pour nous.\"\t\t\t\t\t<\/div>\n\t\t\t\t\t<cite class=\"elementor-testimonial__cite\"><span class=\"elementor-testimonial__name\">Luc Mercier<\/span><span class=\"elementor-testimonial__title\">Analyste d\u2019affaires<\/span><\/cite>\t\t\t\t<\/div>\n\t\t\t\t\t\t<div class=\"elementor-testimonial__footer\">\n\t\t\t\t\t\t\t\t\t\t\t<\/div>\n\t\t<\/div>\n\t\t\t\t\t\t\t\t<\/div>\n\t\t\t\t\t\t\t\t\t\t\t<div class=\"swiper-slide\" role=\"group\" aria-roledescription=\"slide\">\n\t\t\t\t\t\t\t\t\t<div class=\"elementor-testimonial\">\n\t\t\t\t\t\t\t<div class=\"elementor-testimonial__content\">\n\t\t\t\t\t<div class=\"elementor-testimonial__text\">\n\t\t\t\t\t\t\"Eric is one of the most pragmatic Agile expert I know of. He\u2019s a no nonsense type of consultant, always dedicated to the success of his customers. Eric has a large Agile and Lean toolbox that he uses effectively to help team work better together.\"\t\t\t\t\t<\/div>\n\t\t\t\t\t<cite class=\"elementor-testimonial__cite\"><span class=\"elementor-testimonial__name\">Joel Grenon<\/span><span class=\"elementor-testimonial__title\">President<\/span><\/cite>\t\t\t\t<\/div>\n\t\t\t\t\t\t<div class=\"elementor-testimonial__footer\">\n\t\t\t\t\t\t\t\t\t\t\t<\/div>\n\t\t<\/div>\n\t\t\t\t\t\t\t\t<\/div>\n\t\t\t\t\t\t\t\t\t\t\t<div class=\"swiper-slide\" role=\"group\" aria-roledescription=\"slide\">\n\t\t\t\t\t\t\t\t\t<div class=\"elementor-testimonial\">\n\t\t\t\t\t\t\t<div class=\"elementor-testimonial__content\">\n\t\t\t\t\t<div class=\"elementor-testimonial__text\">\n\t\t\t\t\t\t\"Eric worked for me in the context of implementing agility in my company. He is a person of great experience who has a perfect command of his subject. I remember seeing him intervene with a lot of tact and efficiency during a retrospective of a dysfunctional team. His contribution was decisive. Eric is a person I appreciate on a human level.\"\t\t\t\t\t<\/div>\n\t\t\t\t\t<cite class=\"elementor-testimonial__cite\"><span class=\"elementor-testimonial__name\">Herv\u00e9 Brazzi<\/span><span class=\"elementor-testimonial__title\">VP Project Development and Integration<\/span><\/cite>\t\t\t\t<\/div>\n\t\t\t\t\t\t<div class=\"elementor-testimonial__footer\">\n\t\t\t\t\t\t\t\t\t\t\t<\/div>\n\t\t<\/div>\n\t\t\t\t\t\t\t\t<\/div>\n\t\t\t\t\t\t\t\t\t\t\t<div class=\"swiper-slide\" role=\"group\" aria-roledescription=\"slide\">\n\t\t\t\t\t\t\t\t\t<div class=\"elementor-testimonial\">\n\t\t\t\t\t\t\t<div class=\"elementor-testimonial__content\">\n\t\t\t\t\t<div class=\"elementor-testimonial__text\">\n\t\t\t\t\t\t\"I worked with \u00c9ric during the Agile transition at Verint. The situation was not an easy one and from my point of view, the transition was a huge success. \u00c9ric is a good listener, and has great skills to help develop and emerge our most hidden skills. He help me to become Scrum Master and then PO, and he also helped me to bring my team to the next level.\"\t\t\t\t\t<\/div>\n\t\t\t\t\t<cite class=\"elementor-testimonial__cite\"><span class=\"elementor-testimonial__name\">Mortimer Hubin<\/span><span class=\"elementor-testimonial__title\">Engineer at Verint<\/span><\/cite>\t\t\t\t<\/div>\n\t\t\t\t\t\t<div class=\"elementor-testimonial__footer\">\n\t\t\t\t\t\t\t\t\t\t\t<\/div>\n\t\t<\/div>\n\t\t\t\t\t\t\t\t<\/div>\n\t\t\t\t\t\t\t\t\t\t\t<div class=\"swiper-slide\" role=\"group\" aria-roledescription=\"slide\">\n\t\t\t\t\t\t\t\t\t<div class=\"elementor-testimonial\">\n\t\t\t\t\t\t\t<div class=\"elementor-testimonial__content\">\n\t\t\t\t\t<div class=\"elementor-testimonial__text\">\n\t\t\t\t\t\t\"Eric has accompanied several digital teams at Radio-Canada and without his collaboration, the outcome of the AGILE turn would have been very different. His impartiality, professionalism, and knowledge in web development are assets that allow him to quickly gain trust and initiate a constructive dialogue quickly with all the people involved in the desired changes. I hope to have the chance to collaborate again with Eric and I recommend his services without hesitation.\"\t\t\t\t\t<\/div>\n\t\t\t\t\t<cite class=\"elementor-testimonial__cite\"><span class=\"elementor-testimonial__name\">Louis Perron<\/span><span class=\"elementor-testimonial__title\">Product Trustee (PO) Modules and Media at Radio-Canada<\/span><\/cite>\t\t\t\t<\/div>\n\t\t\t\t\t\t<div class=\"elementor-testimonial__footer\">\n\t\t\t\t\t\t\t\t\t\t\t<\/div>\n\t\t<\/div>\n\t\t\t\t\t\t\t\t<\/div>\n\t\t\t\t\t\t\t\t\t<\/div>\n\t\t\t\t\t\t\t\t\t\t\t\t\t\t\t\t\t\t\t\t<div class=\"swiper-pagination\"><\/div>\n\t\t\t\t\t\t\t\t\t\t\t\t<\/div>\n\t\t\t\t<\/div>\n\t\t\t\t\t\t\t\t<\/div>\n\t\t\t\t<\/div>\n\t\t\t\t<\/div>\n\t\t\t\t\t<\/div>\n\t\t\t\t<\/div>\n\t\t\t\t<\/div>","protected":false},"excerpt":{"rendered":"<p>Coach, trainer, speaker, and founder of Agile Partnership Eric has been an Agile Coach since 2007. He was exposed to computing at the age of 13 when he got his hands on the powerful VIC-20! In addition to his training in computer science, Eric holds a bachelor\u2019s degree in psychosociology. He has been able to [&hellip;]<\/p>\n","protected":false},"author":1,"featured_media":451,"parent":185,"menu_order":0,"comment_status":"closed","ping_status":"closed","template":"","meta":{"_acf_changed":false,"_monsterinsights_skip_tracking":false,"_monsterinsights_sitenote_active":false,"_monsterinsights_sitenote_note":"","_monsterinsights_sitenote_category":0,"footnotes":""},"acf":[],"aioseo_notices":[],"_links":{"self":[{"href":"https:\/\/dev2.agilepartnership.com\/fr\/wp-json\/wp\/v2\/pages\/449"}],"collection":[{"href":"https:\/\/dev2.agilepartnership.com\/fr\/wp-json\/wp\/v2\/pages"}],"about":[{"href":"https:\/\/dev2.agilepartnership.com\/fr\/wp-json\/wp\/v2\/types\/page"}],"author":[{"embeddable":true,"href":"https:\/\/dev2.agilepartnership.com\/fr\/wp-json\/wp\/v2\/users\/1"}],"replies":[{"embeddable":true,"href":"https:\/\/dev2.agilepartnership.com\/fr\/wp-json\/wp\/v2\/comments?post=449"}],"version-history":[{"count":44,"href":"https:\/\/dev2.agilepartnership.com\/fr\/wp-json\/wp\/v2\/pages\/449\/revisions"}],"predecessor-version":[{"id":866,"href":"https:\/\/dev2.agilepartnership.com\/fr\/wp-json\/wp\/v2\/pages\/449\/revisions\/866"}],"up":[{"embeddable":true,"href":"https:\/\/dev2.agilepartnership.com\/fr\/wp-json\/wp\/v2\/pages\/185"}],"wp:featuredmedia":[{"embeddable":true,"href":"https:\/\/dev2.agilepartnership.com\/fr\/wp-json\/wp\/v2\/media\/451"}],"wp:attachment":[{"href":"https:\/\/dev2.agilepartnership.com\/fr\/wp-json\/wp\/v2\/media?parent=449"}],"curies":[{"name":"wp","href":"https:\/\/api.w.org\/{rel}","templated":true}]}}